{"id":262,"date":"2017-11-28T13:45:02","date_gmt":"2017-11-28T13:45:02","guid":{"rendered":"http:\/\/relaunch.lausitzer-bluetenlauf.de\/?page_id=262"},"modified":"2026-04-14T06:04:58","modified_gmt":"2026-04-14T06:04:58","slug":"ausschreibung","status":"publish","type":"page","link":"https:\/\/www.lausitzer-bluetenlauf.de\/index.php\/ausschreibung\/","title":{"rendered":"AUSSCHREIBUNG"},"content":{"rendered":"<section id=\"builder-section-text_37\" class=\"builder-section-first builder-section builder-section-text builder-section-next-text builder-text-columns-4\" style=\"background-size: cover; background-repeat: no-repeat;background-position: center center;\">\n<h3 class=\"builder-text-section-title\">\n        Strecken \/ Disziplinen \/ AK Wertungen    <\/h3>\n<div class=\"builder-section-content\">\n<div class=\"builder-text-row\">\n<div class=\"builder-text-column builder-text-column-1\" id=\"builder-section-text_37-column-1\">\n<div class=\"builder-text-content\">\n<p><strong>80 km Jedermann-Radrennen<\/strong><br \/>M\u00e4nner bis 39 &#8211; LausitzCup, ab GJ 2007, Masters I;<br \/>Senioren ab 40 &#8211; Lausitz Cup, ab GJ 1977-1986, Masters II;<br \/>mit Sprintwertung ohne AK-Unterscheidung<br \/>Start: 10.30 Uhr \/ Strecke: 6 Runden<\/p>\n<p><strong>50 km Jedermann-Radrennen<\/strong><br \/>Frauen &#8211; LausitzCup, ab GJ 2007;<br \/>Senioren ab 50 &#8211; LausitzCup, GJ 1967-1976; Masters III;<br \/>Senioren ab 60 &#8211; LausitzCup, ab GJ 1966; Masters IV;<br \/>Jedermann M\u00e4nner bis 49, ab GJ 2007<br \/>Start: 10.35 Uhr \/ Strecke: 4 Runden<\/p>\n<p><strong>25 km Hobby-Radrennen<\/strong><br \/>M\u00e4nner ab GJ 2007;<br \/>Frauen ab GJ 2007;<br \/>Jugendliche unter 18, GJ 2008+2009, Junioren U19<br \/>Gesundheitsattest und <a href=\"https:\/\/www.lausitzer-bluetenlauf.de\/wp-content\/uploads\/2019\/05\/Einverst%C3%A4ndniserkl%C3%A4rung_Rad_Duathlon.pdf\">Einverst\u00e4ndniserkl\u00e4rung <\/a>der Eltern erforderlich!)<br \/>Start: 10.40 Uhr \/ Strecke: 2 Runden<\/p>\n<p>Teilnehmerbeitrag: 30,- \u20ac<br \/>Jugendliche unter 18 Jahren: 15,- \u20ac<br \/>Kaution f\u00fcr Transponder 20,- \u20ac, Nachmeldegeb\u00fchr 5,- \u20ac<br \/>(Wertungsl\u00e4ufe Lausitzcup: <a href=\"https:\/\/www.lausitzcup.de\" target=\"_blank\" rel=\"noopener noreferrer\">www.lausitzcup.de<\/a>)<\/p>\n<\/p><\/div>\n<\/p><\/div>\n<div class=\"builder-text-column builder-text-column-2\" id=\"builder-section-text_37-column-2\">\n<div class=\"builder-text-content\">\n<p><strong>Sprint-\/BIKEHOUSE-Bergduathlon<\/strong><br \/>Start: 09.00 Uhr \/ Strecke: 5,5 km laufen \u2013 20 km Rad \u2013 2 km laufen<br \/>Teilnehmerbeitrag: 30,- \u20ac,<br \/>Nachmeldegeb\u00fchr 5,- \u20ac<br \/>(Sachsenmeisterschaft\u00a0 <a href=\"https:\/\/triathlon-sachsen.de\/\/wettkaempfe\/sachsenmeisterschaften\/\" target=\"_blank\" rel=\"noopener noreferrer\">www.triathlon-sachsen.de<\/a> \/ STV-Landesliga)<\/p>\n<p><img loading=\"lazy\" decoding=\"async\" class=\"alignnone wp-image-960 size-medium\" src=\"https:\/\/www.lausitzer-bluetenlauf.de\/wp-content\/uploads\/2022\/12\/Logo-STV-2-300x78.png\" alt=\"\" width=\"300\" height=\"78\" srcset=\"https:\/\/www.lausitzer-bluetenlauf.de\/wp-content\/uploads\/2022\/12\/Logo-STV-2-300x78.png 300w, https:\/\/www.lausitzer-bluetenlauf.de\/wp-content\/uploads\/2022\/12\/Logo-STV-2.png 693w\" sizes=\"auto, (max-width: 300px) 100vw, 300px\" \/><\/p>\n<p><img loading=\"lazy\" decoding=\"async\" class=\"alignnone wp-image-961 size-medium\" src=\"https:\/\/www.lausitzer-bluetenlauf.de\/wp-content\/uploads\/2022\/12\/Logo-STV-1-300x71.jpg\" alt=\"\" width=\"300\" height=\"71\" srcset=\"https:\/\/www.lausitzer-bluetenlauf.de\/wp-content\/uploads\/2022\/12\/Logo-STV-1-300x71.jpg 300w, https:\/\/www.lausitzer-bluetenlauf.de\/wp-content\/uploads\/2022\/12\/Logo-STV-1.jpg 693w\" sizes=\"auto, (max-width: 300px) 100vw, 300px\" \/><\/p>\n<p><strong>Triathlon Regionalliga Ost<\/strong><br \/>Start: 13:30 Uhr \/ Strecke: 5,5 km laufen \u2013 20 km Rad \u2013 2 km laufen<\/p>\n<p><strong>Mindestalter-Beschr\u00e4nkung Radrennen und Duathlon:<\/strong><br \/>Teilnahme erst ab 16 Jahren. Von 16 bis 18 Jahre nur mit <a href=\"https:\/\/www.lausitzer-bluetenlauf.de\/wp-content\/uploads\/2019\/05\/Einverst\u00e4ndniserkl\u00e4rung_Rad_Duathlon.pdf\">schriftlicher Einwilligung der Eltern! (siehe Download Link)<\/a><\/p>\n<\/p><\/div>\n<\/p><\/div>\n<div class=\"builder-text-column builder-text-column-3\" id=\"builder-section-text_37-column-3\">\n<div class=\"builder-text-content\">\n<p><strong>1 km \u2013 1. Kinderlauf <\/strong><br \/>WK U8; MK U8; GJ 2019 + j\u00fcnger<br \/>Start: 11.00 Uhr \/ Teilnehmerbeitrag: 3,- \u20ac<br \/>Nachmeldegeb\u00fchr 1,- \u20ac<\/p>\n<p><strong>2 km \u2013 2. Kinderlauf <\/strong><br \/>WK U10; MK U10; GJ 2017 + 2018<br \/>Start: 11.15 Uhr \/ Teilnehmerbeitrag: 3,- \u20ac<br \/>Nachmeldegeb\u00fchr 1,- \u20ac<\/p>\n<p><strong>2 km \u2013 3. Kinderlauf <\/strong><br \/>WK U12; MK U 12; GJ 2015 + 2016<br \/>Start: 12.00 Uhr \/ Teilnehmerbeitrag: 3,- \u20ac<br \/>Nachmeldegeb\u00fchr 1,- \u20ac<\/p>\n<p><strong>2 km \u2013 4. Kinderlauf <\/strong><br \/>WJ U14; MJ U14; GJ 2013 + 2014<br \/>Start: 12.20 Uhr \/ Teilnehmerbeitrag: 3,- \u20ac<br \/>Nachmeldegeb\u00fchr 1,- \u20ac<\/p>\n<p><strong>2 km \u2013 Inklusionslauf<\/strong><br \/>ohne Platzierung<br \/>Start: 12.40 Uhr \/ Teilnehmerbeitrag: 3,- \u20ac Einzel \/ 6,- \u20ac Paar<br \/>Nachmeldegeb\u00fchr 1,- \u20ac<\/p>\n<\/p><\/div>\n<\/p><\/div>\n<div class=\"builder-text-column builder-text-column-4\" id=\"builder-section-text_37-column-4\">\n<div class=\"builder-text-content\">\n<p><strong>Walking<\/strong><br \/>Start: 13.35 Uhr \/ Strecke 10 km<br \/>Teilnehmerbeitrag: 13,- \u20ac<br \/>Nachmeldegeb\u00fchr 3,- \u20ac<\/p>\n<p><strong>15 km &#8211; Lauf<\/strong><br \/>MJ U20; M20-M55 &#8211; AK alle 5 Jahre<br \/>Start: 14.10 Uhr \/ Teilnehmerbeitrag: 13,- \u20ac<br \/>Nachmeldegeb\u00fchr 3,- \u20ac<\/p>\n<p><strong>10 km &#8211; Lauf<\/strong><br \/>WJ U18; MJ U18; WJ U20; W20-W55 &#8211; AK alle 5 Jahre; M60; M65<br \/>Start: 14.15 Uhr \/ Teilnehmerbeitrag: 13,- \u20ac<br \/>Nachmeldegeb\u00fchr 3,- \u20ac<\/p>\n<p><strong>6 km \u2013 Volkslauf <\/strong><br \/>WJ U16; MJ U16; W60+\/M70+ &#8211; AK alle 5 Jahre<br \/>Start: 14.20 Uhr \/ Teilnehmerbeitrag: 6,- \u20ac<br \/>Nachmeldegeb\u00fchr 3,- \u20ac<\/p>\n<\/p><\/div>\n<\/p><\/div>\n<\/p><\/div>\n<\/p><\/div>\n<\/section>\n<section id=\"builder-section-text_39\" class=\"builder-section-prev-text builder-section builder-section-text builder-section-last builder-text-columns-3\" style=\"background-size: cover; background-repeat: no-repeat;background-position: center center;\">\n<h3 class=\"builder-text-section-title\">\n        Ausschreibung\/ Teilnahmebedingungen\/ Streckenf\u00fchrung    <\/h3>\n<div class=\"builder-section-content\">\n<div class=\"builder-text-row\">\n<div class=\"builder-text-column builder-text-column-1\" id=\"builder-section-text_39-column-1\">\n<div class=\"builder-text-content\">\n<p><strong>Detaillierte Ausschreibung als Pdf-Download:<\/strong><\/p>\n<ul>\n<li><a href=\"https:\/\/www.lausitzer-bluetenlauf.de\/wp-content\/uploads\/2025\/12\/Ausschreib_Lauf_Bluete_2026_V1-Jens.pdf\">L\u00e4ufe, Inklusionslauf &amp; Nordic Walking<\/a><\/li>\n<li><a href=\"https:\/\/www.lausitzer-bluetenlauf.de\/wp-content\/uploads\/2026\/04\/Ausschreib_Rad_Bluete_2026_V2.pdf\" target=\"_blank\" rel=\"noopener\">Radrennen<\/a><\/li>\n<li><a href=\"https:\/\/www.lausitzer-bluetenlauf.de\/wp-content\/uploads\/2026\/03\/Ausschr_Duathlon_Bluete_2026_V3.pdf\" target=\"_blank\" rel=\"noopener\">Duathlon<\/a><\/li>\n<\/ul>\n<p>Mit der Anmeldung zur Sportveranstaltung werden deren Teilnahmebedingungen anerkannt.<\/p>\n<p><strong>Allgemeine Teilnahmebedingunen<\/strong><\/p>\n<p>Mit der Anmeldung erkl\u00e4rt sich der Teilnehmer mit den Wettkampfbestimmungen und Organisationsrichtlinien einverstanden und erkennt sie verbindlich an und befolgt sie. Der Teilnehmer best\u00e4tigt, dass sein Trainings- und Gesundheitszustand den Anforderungen des Wettkampfes entspricht. Er ist \u00fcber die mit dem Wettkampf verbundenen gesundheitlichen und sonstigen Gefahren und Umst\u00e4nde informiert und best\u00e4tigt ausdr\u00fccklich, auf eigene Gefahr und eigenes Risiko an der Veranstaltung teilzunehmen. Die Verantwortung f\u00fcr pers\u00f6nliche Besitzgegenst\u00e4nde und die Sportausr\u00fcstung w\u00e4hrend der Veranstaltung und den damit zusammenh\u00e4ngenden Aktivit\u00e4ten bleibt vollumf\u00e4nglich beim Teilnehmer.<\/p>\n<\/p><\/div>\n<\/p><\/div>\n<div class=\"builder-text-column builder-text-column-2\" id=\"builder-section-text_39-column-2\">\n<div class=\"builder-text-content\">\n<p>Dieser versichert gleichzeitig, dass er keinerlei Rechtsanspr\u00fcche und Forderungen an den Veranstalter, dessen Mitarbeiter sowie die beteiligten Vereine, Gemeinden und sonstige Personen und K\u00f6rperschaften stellen wird, soweit nicht Haftpflicht-Versicherungsanspr\u00fcche bestehen. Eingeschlossen sind hierin alle unmittelbaren und mittelbaren Sch\u00e4den sowie s\u00e4mtliche Anspr\u00fcche, die aufgrund von erlittenen Verletzungen oder im Todesfall geltend gemacht werden k\u00f6nnten. Im Falle h\u00f6herer Gewalt, Verlegung oder Ausfall sind keinerlei Regressanspr\u00fcche gegen den Veranstalter m\u00f6glich.<br \/>\nDen Verhaltensma\u00dfregeln bzw. Anweisungen des Veranstalters und dessen Mitarbeitern ist Folge zu leisten. Insbesondere ist in diesem Zusammenhang darauf hinzuweisen, dass Teile der Streckenf\u00fchrungen auf \u00f6ffentlichen Stra\u00dfen und Wegen erfolgt. Diese sind w\u00e4hrend des Wettkampfes f\u00fcr den Verkehr gesperrt. Ein unerlaubtes Eindringen von Fahrzeugen kann aber nicht g\u00e4nzlich ausgeschlossen werden, sodass ein Rechtsfahrgebot besteht.<br \/>\nDer Teilnehmer erkl\u00e4rt sich einverstanden, dass die in der Anmeldung genannten Daten sowie die bei der Teilnahme gemachten Fotos, Videos und Filmaufnahmen im Rahmen der Berichterstattung von der Veranstaltung und zur Werbung f\u00fcr diese Veranstaltung ohne Verg\u00fctungsanspr\u00fcche durch den Teilnehmer verwendet werden d\u00fcrfen.<\/p>\n<\/p><\/div>\n<\/p><\/div>\n<div class=\"builder-text-column builder-text-column-3\" id=\"builder-section-text_39-column-3\">\n<div class=\"builder-text-content\">\n<p><iframe loading=\"lazy\" src=\"https:\/\/www.google.com\/maps\/d\/embed?mid=1iZ-0qcZidSlsO8nZnUtx73-D3-A\" width=\"640\" height=\"750\"><\/iframe><\/p>\n<\/p><\/div>\n<\/p><\/div>\n<\/p><\/div>\n<\/p><\/div>\n<\/section>\n","protected":false},"excerpt":{"rendered":"<p>Strecken \/ Disziplinen \/ AK Wertungen 80 km Jedermann-RadrennenM\u00e4nner bis 39 &#8211; LausitzCup, ab GJ 2007, Masters I;Senioren ab 40 &#8211; Lausitz Cup, ab GJ 1977-1986, Masters II;mit Sprintwertung ohne AK-UnterscheidungStart: 10.30 Uhr \/ Strecke: 6 Runden 50 km Jedermann-RadrennenFrauen &#8211; LausitzCup, ab GJ 2007;Senioren ab 50 &#8211; LausitzCup, GJ 1967-1976; Masters III;Senioren ab 60 &hellip;<\/p>\n","protected":false},"author":2,"featured_media":0,"parent":0,"menu_order":0,"comment_status":"closed","ping_status":"closed","template":"template-builder.php","meta":{"footnotes":""},"class_list":["post-262","page","type-page","status-publish","hentry"],"_links":{"self":[{"href":"https:\/\/www.lausitzer-bluetenlauf.de\/index.php\/wp-json\/wp\/v2\/pages\/262","targetHints":{"allow":["GET"]}}],"collection":[{"href":"https:\/\/www.lausitzer-bluetenlauf.de\/index.php\/wp-json\/wp\/v2\/pages"}],"about":[{"href":"https:\/\/www.lausitzer-bluetenlauf.de\/index.php\/wp-json\/wp\/v2\/types\/page"}],"author":[{"embeddable":true,"href":"https:\/\/www.lausitzer-bluetenlauf.de\/index.php\/wp-json\/wp\/v2\/users\/2"}],"replies":[{"embeddable":true,"href":"https:\/\/www.lausitzer-bluetenlauf.de\/index.php\/wp-json\/wp\/v2\/comments?post=262"}],"version-history":[{"count":90,"href":"https:\/\/www.lausitzer-bluetenlauf.de\/index.php\/wp-json\/wp\/v2\/pages\/262\/revisions"}],"predecessor-version":[{"id":1133,"href":"https:\/\/www.lausitzer-bluetenlauf.de\/index.php\/wp-json\/wp\/v2\/pages\/262\/revisions\/1133"}],"wp:attachment":[{"href":"https:\/\/www.lausitzer-bluetenlauf.de\/index.php\/wp-json\/wp\/v2\/media?parent=262"}],"curies":[{"name":"wp","href":"https:\/\/api.w.org\/{rel}","templated":true}]}}