{"id":259,"date":"2017-11-28T13:34:04","date_gmt":"2017-11-28T13:34:04","guid":{"rendered":"http:\/\/relaunch.lausitzer-bluetenlauf.de\/?page_id=259"},"modified":"2026-03-23T08:40:18","modified_gmt":"2026-03-23T08:40:18","slug":"start","status":"publish","type":"page","link":"https:\/\/www.lausitzer-bluetenlauf.de\/","title":{"rendered":"START"},"content":{"rendered":"<section id=\"builder-section-banner_69\" class=\"builder-section-first builder-section builder-section-banner builder-section-next-text\" style=\"background-size: cover; background-repeat: no-repeat;background-position: center center;\">\n<div class=\"builder-section-content cycle-slideshow\" data-cycle-log=\"false\" data-cycle-slides=\"div.builder-banner-slide\" data-cycle-swipe=\"true\" data-cycle-timeout=\"6000\" data-cycle-fx=\"scrollHorz\">\n<div class=\"builder-banner-slide content-position-none\" style=\"background-image: url(&#039;https:\/\/www.lausitzer-bluetenlauf.de\/wp-content\/uploads\/2018\/11\/Slider-1.jpg&#039;);\">\n<div class=\"builder-banner-content\">\n<div class=\"builder-banner-inner-content\">\n\t\t\t\t\t\t\t\t\t<\/div>\n<\/p><\/div>\n<\/p><\/div>\n<div class=\"builder-banner-slide content-position-none\" style=\"background-image: url(&#039;https:\/\/www.lausitzer-bluetenlauf.de\/wp-content\/uploads\/2018\/11\/Slider-2.jpg&#039;);\">\n<div class=\"builder-banner-content\">\n<div class=\"builder-banner-inner-content\">\n\t\t\t\t\t\t\t\t\t<\/div>\n<\/p><\/div>\n<\/p><\/div>\n<div class=\"builder-banner-slide content-position-none\" style=\"background-image: url(&#039;https:\/\/www.lausitzer-bluetenlauf.de\/wp-content\/uploads\/2018\/11\/Slider-4.jpg&#039;);\">\n<div class=\"builder-banner-content\">\n<div class=\"builder-banner-inner-content\">\n\t\t\t\t\t\t\t\t\t<\/div>\n<\/p><\/div>\n<\/p><\/div>\n<div class=\"builder-banner-slide content-position-none\" style=\"background-image: url(&#039;https:\/\/www.lausitzer-bluetenlauf.de\/wp-content\/uploads\/2018\/11\/Slider-10.jpg&#039;);\">\n<div class=\"builder-banner-content\">\n<div class=\"builder-banner-inner-content\">\n\t\t\t\t\t\t\t\t\t<\/div>\n<\/p><\/div>\n<\/p><\/div>\n<div class=\"builder-banner-slide content-position-none\" style=\"background-image: url(&#039;https:\/\/www.lausitzer-bluetenlauf.de\/wp-content\/uploads\/2018\/11\/Slider-3.jpg&#039;);\">\n<div class=\"builder-banner-content\">\n<div class=\"builder-banner-inner-content\">\n\t\t\t\t\t\t\t\t\t<\/div>\n<\/p><\/div>\n<\/p><\/div>\n<div class=\"builder-banner-slide content-position-none\" style=\"background-image: url(&#039;https:\/\/www.lausitzer-bluetenlauf.de\/wp-content\/uploads\/2018\/11\/Slider-6.jpg&#039;);\">\n<div class=\"builder-banner-content\">\n<div class=\"builder-banner-inner-content\">\n\t\t\t\t\t\t\t\t\t<\/div>\n<\/p><\/div>\n<\/p><\/div>\n<div class=\"builder-banner-slide content-position-none\" style=\"background-image: url(&#039;https:\/\/www.lausitzer-bluetenlauf.de\/wp-content\/uploads\/2018\/11\/Slider-8.jpg&#039;);\">\n<div class=\"builder-banner-content\">\n<div class=\"builder-banner-inner-content\">\n\t\t\t\t\t\t\t\t\t<\/div>\n<\/p><\/div>\n<\/p><\/div>\n<div class=\"builder-banner-slide content-position-none\" style=\"background-image: url(&#039;https:\/\/www.lausitzer-bluetenlauf.de\/wp-content\/uploads\/2018\/11\/Slider-9.jpg&#039;);\">\n<div class=\"builder-banner-content\">\n<div class=\"builder-banner-inner-content\">\n\t\t\t\t\t\t\t\t\t<\/div>\n<\/p><\/div>\n<\/p><\/div>\n<div class=\"builder-banner-slide content-position-none\" style=\"background-image: url(&#039;https:\/\/www.lausitzer-bluetenlauf.de\/wp-content\/uploads\/2018\/11\/Slider-7.jpg&#039;);\">\n<div class=\"builder-banner-content\">\n<div class=\"builder-banner-inner-content\">\n\t\t\t\t\t\t\t\t\t<\/div>\n<\/p><\/div>\n<\/p><\/div>\n<div class=\"builder-banner-slide content-position-none\" style=\"background-image: url(&#039;https:\/\/www.lausitzer-bluetenlauf.de\/wp-content\/uploads\/2018\/11\/Slider-11.jpg&#039;);\">\n<div class=\"builder-banner-content\">\n<div class=\"builder-banner-inner-content\">\n\t\t\t\t\t\t\t\t\t<\/div>\n<\/p><\/div>\n<\/p><\/div>\n<\/p><\/div>\n<\/section>\n<section id=\"builder-section-text_101\" class=\"builder-section-prev-banner builder-section builder-section-text builder-section-next-gallery builder-text-columns-3\" style=\"background-size: cover; background-repeat: no-repeat;background-position: center center;\">\n<h3 class=\"builder-text-section-title\">\n        Der kommende BL\u00dcTENLAUF findet statt am 3. Mai 2026    <\/h3>\n<div class=\"builder-section-content\">\n<div class=\"builder-text-row\">\n<div class=\"builder-text-column builder-text-column-1\" id=\"builder-section-text_101-column-1\">\n<div class=\"builder-text-content\">\n<p><strong>EINZELL\u00c4UFE<\/strong><\/p>\n<p>Den Namen \u201eBl\u00fctenlauf\u201c bekam die Sportveranstaltung aufgrund der Rhododendron-Bl\u00fcte auf dem Kamenzer Hutberg. Das ist nun namenstiftend f\u00fcr den gesamten Event, der die Teilnehmer auf verschiedenen Streckenl\u00e4ngen durch die Fr\u00fchlingslandschaft f\u00fchrt.<\/p>\n<p><a href=\"https:\/\/www.lausitzer-bluetenlauf.de\/index.php\/ausschreibung\/\">weiter lesen<\/a> <\/p>\n<\/p><\/div>\n<\/p><\/div>\n<div class=\"builder-text-column builder-text-column-2\" id=\"builder-section-text_101-column-2\">\n<div class=\"builder-text-content\">\n<p><strong>BERG-RADRENNEN<\/strong><\/p>\n<p>Eine reizvolle Strecke in herrlicher Berglandschaft. Steile Anstiege und rasante Abfahrten wechseln einander ab. Das wahrscheinlich anspruchsvollste lizenzfreie Radrennen in Ostsachsen.<\/p>\n<p><a href=\"https:\/\/www.lausitzer-bluetenlauf.de\/index.php\/ausschreibung\/\">weiter lesen<\/a><\/p>\n<\/p><\/div>\n<\/p><\/div>\n<div class=\"builder-text-column builder-text-column-3\" id=\"builder-section-text_101-column-3\">\n<div class=\"builder-text-content\">\n<p><strong>INKLUSIONSLAUF<\/strong><\/p>\n<p><span class=\"st\">Unter dem Motto &#8222;Gemeinsam leben, gemeinsam laufen&#8220; k\u00f6nnen auch gehandicapte Menschen am Bl\u00fctenlauf teilnehmen, als Laufpaar zussammen mit einem Sportler ohne Behinderung.<br \/>\n<\/span><\/p>\n<p><a href=\"https:\/\/www.lausitzer-bluetenlauf.de\/index.php\/ausschreibung\/\">weiter lesen<\/a><\/p>\n<\/p><\/div>\n<\/p><\/div>\n<\/p><\/div>\n<div class=\"builder-text-row\">\n<div class=\"builder-text-column builder-text-column-4\" id=\"builder-section-text_101-column-1\">\n<div class=\"builder-text-content\">\n<p><strong>BERG-DUATHLON<\/strong><\/p>\n<p>Aufgrund des bergigen Profils sowohl auf der Lauf als auch auf der Radstrecke sucht dieser Duathlon seinesgleichen &#8211; eine ganz besondere Herausforderung, auch in Vorbereitung auf den Moritzburger Schlosstriathlon einen Monat sp\u00e4ter.<\/p>\n<p><a href=\"https:\/\/www.lausitzer-bluetenlauf.de\/index.php\/ausschreibung\/\">weiter lesen<\/a><\/p>\n<\/p><\/div>\n<\/p><\/div>\n<div class=\"builder-text-column builder-text-column-5\" id=\"builder-section-text_101-column-2\">\n<div class=\"builder-text-content\">\n<p><strong>NORDIC-WALKING<\/strong><\/p>\n<p>Die wahrscheinlich angenehmste Art, bei einer Sportveranstaltung k\u00f6rperliche Aktivit\u00e4t und den Genuss der landschaftlichen Sch\u00f6nheiten zu verbinden.<\/p>\n<p><a href=\"https:\/\/www.lausitzer-bluetenlauf.de\/index.php\/ausschreibung\/\">weiter lesen<\/a><\/p>\n<\/p><\/div>\n<\/p><\/div>\n<div class=\"builder-text-column builder-text-column-6\" id=\"builder-section-text_101-column-3\">\n<div class=\"builder-text-content\">\n<p><strong>GE\u00c4NDERTE 15-KM-STRECKENF\u00dcHRUNG<\/strong><\/p>\n<p>Aufgrund von aktuell nicht kl\u00e4rbaren Nutzungserlaubnissen muss die Streckenf\u00fchrung f\u00fcr die 15-km-L\u00e4ufer leicht ge\u00e4ndert werden.<\/p>\n<p><a href=\"https:\/\/www.google.com\/maps\/d\/viewer?mid=1iZ-0qcZidSlsO8nZnUtx73-D3-A&amp;ll=51.253121659097765%2C14.100231950000012&amp;z=14\" target=\"_blank\" rel=\"noopener\">Link zu Google Maps<\/a><\/p>\n<\/p><\/div>\n<\/p><\/div>\n<\/p><\/div>\n<\/p><\/div>\n<\/section>\n<section id=\"builder-section-gallery_197\" class=\"builder-section-prev-text builder-section builder-section-gallery builder-section-next-text builder-gallery-columns-3 builder-gallery-captions-reveal builder-gallery-captions-light builder-gallery-aspect-landscape\" style=\"background-size: cover; background-repeat: no-repeat;background-position: center center;\">\n<h3 class=\"builder-gallery-section-title\">\n        Organisatoren    <\/h3>\n<div class=\"builder-section-content\">\n<div class=\"builder-gallery-item  has-link\" onclick=\"event.preventDefault(); window.open('http:\/\/www.ossv.de\/');\">\n<figure class=\"builder-gallery-image\" style=\"background-image: url(&#039;https:\/\/www.lausitzer-bluetenlauf.de\/wp-content\/uploads\/2021\/04\/Logo-OSSV.jpg&#039;);\"><\/figure>\n<\/p><\/div>\n<div class=\"builder-gallery-item  has-link\" onclick=\"event.preventDefault(); window.open('https:\/\/triathlon-lausitz.de');\">\n<figure class=\"builder-gallery-image\" style=\"background-image: url(&#039;https:\/\/www.lausitzer-bluetenlauf.de\/wp-content\/uploads\/2021\/04\/Logo-Triathlon-Team-Lausitz-e.V..jpg&#039;);\"><\/figure>\n<\/p><\/div>\n<div class=\"builder-gallery-item  has-link last-3\" onclick=\"event.preventDefault(); window.open('https:\/\/www.kamenz.de\/');\">\n<figure class=\"builder-gallery-image\" style=\"background-image: url(&#039;https:\/\/www.lausitzer-bluetenlauf.de\/wp-content\/uploads\/2021\/04\/Logo-Lessingstadt-Kamenz.jpg&#039;);\"><\/figure>\n<\/p><\/div>\n<\/p><\/div>\n<\/section>\n<section id=\"builder-section-text_121\" class=\"builder-section-prev-gallery builder-section builder-section-text builder-section-last builder-text-columns-1\" style=\"background-size: cover; background-repeat: no-repeat;background-position: center center;\">\n<h3 class=\"builder-text-section-title\">\n        Vielen Dank f\u00fcr die jahrelange Unterst\u00fctzung:    <\/h3>\n<div class=\"builder-section-content\">\n<div class=\"builder-text-row\">\n<div class=\"builder-text-column builder-text-column-1\" id=\"builder-section-text_121-column-1\">\n<div class=\"builder-text-content\">\n<p>Kein Bl\u00fctenlauf k\u00f6nnte ohne die vielen Helfer, Unterst\u00fctzer und Sponsoren stattfinden. Allen sei bereits jetzt gedankt, u.a.:<\/p>\n<p>Ewag Kamenz \/ Oppacher Mineralquellen GmbH &amp; Co. KG \/ Bikehouse Kamenz \/ SWG St\u00e4dtische Wohnungsgesellschaft m.b.H Kamenz \/ Verkehrsverbund Oberelbe \u2013 VVO \/ RHG Baustoffe, Bau &amp; Garten Kamenz \/ Polizeirevier Kamenz \/ ABC Gastro UG \u2013 Marco Eyke \/ Bier-Schulze \/ Auto Elitzsch \/ KEKOPLAST GmbH \/ Heitech Service GmbH \/ Sachsen Fahnen \/ B\u00e4ckerei Selnack \/ Fleischerei Imbach \/ Fleischerei Kretzschmar \/ Holzkunst-M\u00fcller Jesau \/ EDEKA Peltzer \/ Sport-Lang \/ DRK Kamenz \/ Helfer des SG L\u00fcckersdorf-Gelenau e.V. \/ SV Einheit Kamenz e.V. \/ Lok Kamenz \/ Thonberger SC 1931 e.V. \/ OSSV \u2013 Osts\u00e4chsischer Schwimmverein Kamenz e.V. \/ TTL \u2013 Triathlon Team Lausitz e.V. \/ S\u00e4chsischer Triathlon Verband e.V. \/ Helfende B\u00fcrger der Stadt Kamenz und Umgebung \/ Stadtverwaltung Kamenz \/ Oberb\u00fcrgermeister Roland Dantz \/ Bl\u00fctenk\u00f6nigin Lucie I. \/ KAMI \/ 1. Oberschule Kamenz \/ F\u00f6rderverein der Grundschule Am Forst \/ Kreissportbund Bautzen \/ Kannegie\u00dfer Keramik Neukirch \/ Rhododendron-Seidel Gr\u00fcngr\u00e4bchen\u00a0 \u00a0<\/p>\n<\/p><\/div>\n<\/p><\/div>\n<\/p><\/div>\n<\/p><\/div>\n<\/section>\n","protected":false},"excerpt":{"rendered":"<p>Der kommende BL\u00dcTENLAUF findet statt am 3. Mai 2026 EINZELL\u00c4UFE Den Namen \u201eBl\u00fctenlauf\u201c bekam die Sportveranstaltung aufgrund der Rhododendron-Bl\u00fcte auf dem Kamenzer Hutberg. Das ist nun namenstiftend f\u00fcr den gesamten Event, der die Teilnehmer auf verschiedenen Streckenl\u00e4ngen durch die Fr\u00fchlingslandschaft f\u00fchrt. weiter lesen BERG-RADRENNEN Eine reizvolle Strecke in herrlicher Berglandschaft. Steile Anstiege und rasante Abfahrten &hellip;<\/p>\n","protected":false},"author":2,"featured_media":0,"parent":0,"menu_order":0,"comment_status":"closed","ping_status":"closed","template":"template-builder.php","meta":{"footnotes":""},"class_list":["post-259","page","type-page","status-publish","hentry"],"_links":{"self":[{"href":"https:\/\/www.lausitzer-bluetenlauf.de\/index.php\/wp-json\/wp\/v2\/pages\/259","targetHints":{"allow":["GET"]}}],"collection":[{"href":"https:\/\/www.lausitzer-bluetenlauf.de\/index.php\/wp-json\/wp\/v2\/pages"}],"about":[{"href":"https:\/\/www.lausitzer-bluetenlauf.de\/index.php\/wp-json\/wp\/v2\/types\/page"}],"author":[{"embeddable":true,"href":"https:\/\/www.lausitzer-bluetenlauf.de\/index.php\/wp-json\/wp\/v2\/users\/2"}],"replies":[{"embeddable":true,"href":"https:\/\/www.lausitzer-bluetenlauf.de\/index.php\/wp-json\/wp\/v2\/comments?post=259"}],"version-history":[{"count":110,"href":"https:\/\/www.lausitzer-bluetenlauf.de\/index.php\/wp-json\/wp\/v2\/pages\/259\/revisions"}],"predecessor-version":[{"id":1125,"href":"https:\/\/www.lausitzer-bluetenlauf.de\/index.php\/wp-json\/wp\/v2\/pages\/259\/revisions\/1125"}],"wp:attachment":[{"href":"https:\/\/www.lausitzer-bluetenlauf.de\/index.php\/wp-json\/wp\/v2\/media?parent=259"}],"curies":[{"name":"wp","href":"https:\/\/api.w.org\/{rel}","templated":true}]}}